{"id":3696,"date":"2021-04-06T23:30:36","date_gmt":"2021-04-07T03:30:36","guid":{"rendered":"https:\/\/rotexgroup.wpengine.com\/contact\/find-a-rep\/"},"modified":"2024-08-08T16:16:24","modified_gmt":"2024-08-08T20:16:24","slug":"find-a-rep","status":"publish","type":"page","link":"https:\/\/therotexgroup.com\/fr\/contact\/find-a-representative\/","title":{"rendered":"Find a Representative"},"content":{"rendered":"","protected":false},"excerpt":{"rendered":"<p>Trouvez un repr\u00e9sentant de Groupe Rotex, le leader du d\u00e9veloppement technologique d&rsquo;\u00e9quipements industriels de criblage et de s\u00e9paration.<\/p>\n","protected":false},"author":2,"featured_media":14958,"parent":0,"menu_order":1,"comment_status":"closed","ping_status":"closed","template":"templates\/find-a-rep.php","meta":{"_acf_changed":false,"footnotes":""},"class_list":["post-3696","page","type-page","status-publish","has-post-thumbnail","hentry"],"acf":[],"yoast_head":"<!-- This site is optimized with the Yoast SEO Premium plugin v27.3 (Yoast SEO v27.3) - https:\/\/yoast.com\/product\/yoast-seo-premium-wordpress\/ -->\n<title>Pour contacter les repr\u00e9sentants de Groupe Rotex<\/title>\n<meta name=\"description\" content=\"Trouvez un repr\u00e9sentant de Groupe Rotex, le leader du d\u00e9veloppement technologique d&#039;\u00e9quipements industriels de criblage et de s\u00e9paration.\" \/>\n<meta name=\"robots\" content=\"index, follow, max-snippet:-1, max-image-preview:large, max-video-preview:-1\" \/>\n<link rel=\"canonical\" href=\"https:\/\/therotexgroup.com\/fr\/contact\/find-a-representative\/\" \/>\n<meta property=\"og:locale\" content=\"fr_FR\" \/>\n<meta property=\"og:type\" content=\"article\" \/>\n<meta property=\"og:title\" content=\"Find a Representative\" \/>\n<meta property=\"og:description\" content=\"Trouvez un repr\u00e9sentant de Groupe Rotex, le leader du d\u00e9veloppement technologique d&#039;\u00e9quipements industriels de criblage et de s\u00e9paration.\" \/>\n<meta property=\"og:url\" content=\"https:\/\/therotexgroup.com\/fr\/contact\/find-a-representative\/\" \/>\n<meta property=\"og:site_name\" content=\"The Rotex Group\" \/>\n<meta property=\"article:modified_time\" content=\"2024-08-08T20:16:24+00:00\" \/>\n<meta name=\"twitter:card\" content=\"summary_large_image\" \/>\n<meta name=\"twitter:label1\" content=\"Dur\u00e9e de lecture estim\u00e9e\" \/>\n\t<meta name=\"twitter:data1\" content=\"1 minute\" \/>\n<script type=\"application\/ld+json\" class=\"yoast-schema-graph\">{\"@context\":\"https:\\\/\\\/schema.org\",\"@graph\":[{\"@type\":\"WebPage\",\"@id\":\"https:\\\/\\\/therotexgroup.com\\\/fr\\\/contact\\\/find-a-representative\\\/\",\"url\":\"https:\\\/\\\/therotexgroup.com\\\/fr\\\/contact\\\/find-a-representative\\\/\",\"name\":\"Pour contacter les repr\u00e9sentants de Groupe Rotex\",\"isPartOf\":{\"@id\":\"https:\\\/\\\/therotexgroup.com\\\/fr\\\/#website\"},\"primaryImageOfPage\":{\"@id\":\"https:\\\/\\\/therotexgroup.com\\\/fr\\\/contact\\\/find-a-representative\\\/#primaryimage\"},\"image\":{\"@id\":\"https:\\\/\\\/therotexgroup.com\\\/fr\\\/contact\\\/find-a-representative\\\/#primaryimage\"},\"thumbnailUrl\":\"https:\\\/\\\/therotexgroup.com\\\/wp-content\\\/uploads\\\/2025\\\/02\\\/bg_find_a_rep_hero.jpg\",\"datePublished\":\"2021-04-07T03:30:36+00:00\",\"dateModified\":\"2024-08-08T20:16:24+00:00\",\"description\":\"Trouvez un repr\u00e9sentant de Groupe Rotex, le leader du d\u00e9veloppement technologique d'\u00e9quipements industriels de criblage et de s\u00e9paration.\",\"breadcrumb\":{\"@id\":\"https:\\\/\\\/therotexgroup.com\\\/fr\\\/contact\\\/find-a-representative\\\/#breadcrumb\"},\"inLanguage\":\"fr-FR\",\"potentialAction\":[{\"@type\":\"ReadAction\",\"target\":[\"https:\\\/\\\/therotexgroup.com\\\/fr\\\/contact\\\/find-a-representative\\\/\"]}]},{\"@type\":\"ImageObject\",\"inLanguage\":\"fr-FR\",\"@id\":\"https:\\\/\\\/therotexgroup.com\\\/fr\\\/contact\\\/find-a-representative\\\/#primaryimage\",\"url\":\"https:\\\/\\\/therotexgroup.com\\\/wp-content\\\/uploads\\\/2025\\\/02\\\/bg_find_a_rep_hero.jpg\",\"contentUrl\":\"https:\\\/\\\/therotexgroup.com\\\/wp-content\\\/uploads\\\/2025\\\/02\\\/bg_find_a_rep_hero.jpg\",\"width\":1920,\"height\":514,\"caption\":\"Project supervisors making observations at a facility.\"},{\"@type\":\"BreadcrumbList\",\"@id\":\"https:\\\/\\\/therotexgroup.com\\\/fr\\\/contact\\\/find-a-representative\\\/#breadcrumb\",\"itemListElement\":[{\"@type\":\"ListItem\",\"position\":1,\"name\":\"Home\",\"item\":\"https:\\\/\\\/therotexgroup.com\\\/fr\\\/\"},{\"@type\":\"ListItem\",\"position\":2,\"name\":\"Contact\",\"item\":\"https:\\\/\\\/therotexgroup.com\\\/fr\\\/contact\\\/\"},{\"@type\":\"ListItem\",\"position\":3,\"name\":\"Find a Representative\"}]},{\"@type\":\"WebSite\",\"@id\":\"https:\\\/\\\/therotexgroup.com\\\/fr\\\/#website\",\"url\":\"https:\\\/\\\/therotexgroup.com\\\/fr\\\/\",\"name\":\"The Rotex Group\",\"description\":\"\",\"potentialAction\":[{\"@type\":\"SearchAction\",\"target\":{\"@type\":\"EntryPoint\",\"urlTemplate\":\"https:\\\/\\\/therotexgroup.com\\\/fr\\\/?s={search_term_string}\"},\"query-input\":{\"@type\":\"PropertyValueSpecification\",\"valueRequired\":true,\"valueName\":\"search_term_string\"}}],\"inLanguage\":\"fr-FR\"}]}<\/script>\n<!-- \/ Yoast SEO Premium plugin. -->","yoast_head_json":{"title":"Pour contacter les repr\u00e9sentants de Groupe Rotex","description":"Trouvez un repr\u00e9sentant de Groupe Rotex, le leader du d\u00e9veloppement technologique d'\u00e9quipements industriels de criblage et de s\u00e9paration.","robots":{"index":"index","follow":"follow","max-snippet":"max-snippet:-1","max-image-preview":"max-image-preview:large","max-video-preview":"max-video-preview:-1"},"canonical":"https:\/\/therotexgroup.com\/fr\/contact\/find-a-representative\/","og_locale":"fr_FR","og_type":"article","og_title":"Find a Representative","og_description":"Trouvez un repr\u00e9sentant de Groupe Rotex, le leader du d\u00e9veloppement technologique d'\u00e9quipements industriels de criblage et de s\u00e9paration.","og_url":"https:\/\/therotexgroup.com\/fr\/contact\/find-a-representative\/","og_site_name":"The Rotex Group","article_modified_time":"2024-08-08T20:16:24+00:00","twitter_card":"summary_large_image","twitter_misc":{"Dur\u00e9e de lecture estim\u00e9e":"1 minute"},"schema":{"@context":"https:\/\/schema.org","@graph":[{"@type":"WebPage","@id":"https:\/\/therotexgroup.com\/fr\/contact\/find-a-representative\/","url":"https:\/\/therotexgroup.com\/fr\/contact\/find-a-representative\/","name":"Pour contacter les repr\u00e9sentants de Groupe Rotex","isPartOf":{"@id":"https:\/\/therotexgroup.com\/fr\/#website"},"primaryImageOfPage":{"@id":"https:\/\/therotexgroup.com\/fr\/contact\/find-a-representative\/#primaryimage"},"image":{"@id":"https:\/\/therotexgroup.com\/fr\/contact\/find-a-representative\/#primaryimage"},"thumbnailUrl":"https:\/\/therotexgroup.com\/wp-content\/uploads\/2025\/02\/bg_find_a_rep_hero.jpg","datePublished":"2021-04-07T03:30:36+00:00","dateModified":"2024-08-08T20:16:24+00:00","description":"Trouvez un repr\u00e9sentant de Groupe Rotex, le leader du d\u00e9veloppement technologique d'\u00e9quipements industriels de criblage et de s\u00e9paration.","breadcrumb":{"@id":"https:\/\/therotexgroup.com\/fr\/contact\/find-a-representative\/#breadcrumb"},"inLanguage":"fr-FR","potentialAction":[{"@type":"ReadAction","target":["https:\/\/therotexgroup.com\/fr\/contact\/find-a-representative\/"]}]},{"@type":"ImageObject","inLanguage":"fr-FR","@id":"https:\/\/therotexgroup.com\/fr\/contact\/find-a-representative\/#primaryimage","url":"https:\/\/therotexgroup.com\/wp-content\/uploads\/2025\/02\/bg_find_a_rep_hero.jpg","contentUrl":"https:\/\/therotexgroup.com\/wp-content\/uploads\/2025\/02\/bg_find_a_rep_hero.jpg","width":1920,"height":514,"caption":"Project supervisors making observations at a facility."},{"@type":"BreadcrumbList","@id":"https:\/\/therotexgroup.com\/fr\/contact\/find-a-representative\/#breadcrumb","itemListElement":[{"@type":"ListItem","position":1,"name":"Home","item":"https:\/\/therotexgroup.com\/fr\/"},{"@type":"ListItem","position":2,"name":"Contact","item":"https:\/\/therotexgroup.com\/fr\/contact\/"},{"@type":"ListItem","position":3,"name":"Find a Representative"}]},{"@type":"WebSite","@id":"https:\/\/therotexgroup.com\/fr\/#website","url":"https:\/\/therotexgroup.com\/fr\/","name":"The Rotex Group","description":"","potentialAction":[{"@type":"SearchAction","target":{"@type":"EntryPoint","urlTemplate":"https:\/\/therotexgroup.com\/fr\/?s={search_term_string}"},"query-input":{"@type":"PropertyValueSpecification","valueRequired":true,"valueName":"search_term_string"}}],"inLanguage":"fr-FR"}]}},"_links":{"self":[{"href":"https:\/\/therotexgroup.com\/fr\/wp-json\/wp\/v2\/pages\/3696","targetHints":{"allow":["GET"]}}],"collection":[{"href":"https:\/\/therotexgroup.com\/fr\/wp-json\/wp\/v2\/pages"}],"about":[{"href":"https:\/\/therotexgroup.com\/fr\/wp-json\/wp\/v2\/types\/page"}],"author":[{"embeddable":true,"href":"https:\/\/therotexgroup.com\/fr\/wp-json\/wp\/v2\/users\/2"}],"replies":[{"embeddable":true,"href":"https:\/\/therotexgroup.com\/fr\/wp-json\/wp\/v2\/comments?post=3696"}],"version-history":[{"count":0,"href":"https:\/\/therotexgroup.com\/fr\/wp-json\/wp\/v2\/pages\/3696\/revisions"}],"wp:featuredmedia":[{"embeddable":true,"href":"https:\/\/therotexgroup.com\/fr\/wp-json\/wp\/v2\/media\/14958"}],"wp:attachment":[{"href":"https:\/\/therotexgroup.com\/fr\/wp-json\/wp\/v2\/media?parent=3696"}],"curies":[{"name":"wp","href":"https:\/\/api.w.org\/{rel}","templated":true}]}}