{"id":3594,"date":"2021-03-20T15:25:49","date_gmt":"2021-03-20T19:25:49","guid":{"rendered":"https:\/\/rotexgroup.wpengine.com\/?page_id=3594"},"modified":"2025-11-05T14:32:44","modified_gmt":"2025-11-05T19:32:44","slug":"oem-parts-support","status":"publish","type":"page","link":"https:\/\/therotexgroup.com\/fr\/oem-parts-support\/","title":{"rendered":"OEM Parts and Support"},"content":{"rendered":"","protected":false},"excerpt":{"rendered":"<p>Achetez des pi\u00e8ces de rechange d\u2019origine de Rotex Group et obtenez l&rsquo;assistance dont vous avez besoin de notre SAV.<\/p>\n","protected":false},"author":2,"featured_media":14651,"parent":20564,"menu_order":2,"comment_status":"closed","ping_status":"open","template":"templates\/oem-parts-and-support.php","meta":{"_acf_changed":false,"footnotes":""},"class_list":["post-3594","page","type-page","status-publish","has-post-thumbnail","hentry"],"acf":[],"yoast_head":"<!-- This site is optimized with the Yoast SEO Premium plugin v27.5 (Yoast SEO v27.5) - https:\/\/yoast.com\/product\/yoast-seo-premium-wordpress\/ -->\n<title>Pi\u00e8ces de rechange pour tamiseur de Rotex Group - Les pi\u00e8ces d&#039;origine<\/title>\n<meta name=\"description\" content=\"Achetez des pi\u00e8ces de rechange d\u2019origine de Rotex Group et obtenez l&#039;assistance dont vous avez besoin de notre SAV.\" \/>\n<meta name=\"robots\" content=\"index, follow, max-snippet:-1, max-image-preview:large, max-video-preview:-1\" \/>\n<link rel=\"canonical\" href=\"https:\/\/therotexgroup.com\/fr\/oem-parts-support\/\" \/>\n<meta property=\"og:locale\" content=\"fr_FR\" \/>\n<meta property=\"og:type\" content=\"article\" \/>\n<meta property=\"og:title\" content=\"OEM Parts and Support\" \/>\n<meta property=\"og:description\" content=\"Achetez des pi\u00e8ces de rechange d\u2019origine de Rotex Group et obtenez l&#039;assistance dont vous avez besoin de notre SAV.\" \/>\n<meta property=\"og:url\" content=\"https:\/\/therotexgroup.com\/fr\/oem-parts-support\/\" \/>\n<meta property=\"og:site_name\" content=\"The Rotex Group\" \/>\n<meta property=\"article:modified_time\" content=\"2025-11-05T19:32:44+00:00\" \/>\n<meta property=\"og:image\" content=\"https:\/\/therotexgroup.com\/wp-content\/uploads\/2025\/02\/bg_oem_parts_and_support_hero.jpg\" \/>\n\t<meta property=\"og:image:width\" content=\"1920\" \/>\n\t<meta property=\"og:image:height\" content=\"514\" \/>\n\t<meta property=\"og:image:type\" content=\"image\/webp\" \/>\n<meta name=\"twitter:card\" content=\"summary_large_image\" \/>\n<meta name=\"twitter:label1\" content=\"Dur\u00e9e de lecture estim\u00e9e\" \/>\n\t<meta name=\"twitter:data1\" content=\"5 minutes\" \/>\n<script type=\"application\/ld+json\" class=\"yoast-schema-graph\">{\"@context\":\"https:\\\/\\\/schema.org\",\"@graph\":[{\"@type\":\"WebPage\",\"@id\":\"https:\\\/\\\/therotexgroup.com\\\/fr\\\/oem-parts-support\\\/\",\"url\":\"https:\\\/\\\/therotexgroup.com\\\/fr\\\/oem-parts-support\\\/\",\"name\":\"Pi\u00e8ces de rechange pour tamiseur de Rotex Group - Les pi\u00e8ces d'origine\",\"isPartOf\":{\"@id\":\"https:\\\/\\\/therotexgroup.com\\\/fr\\\/#website\"},\"primaryImageOfPage\":{\"@id\":\"https:\\\/\\\/therotexgroup.com\\\/fr\\\/oem-parts-support\\\/#primaryimage\"},\"image\":{\"@id\":\"https:\\\/\\\/therotexgroup.com\\\/fr\\\/oem-parts-support\\\/#primaryimage\"},\"thumbnailUrl\":\"https:\\\/\\\/therotexgroup.com\\\/wp-content\\\/uploads\\\/2025\\\/02\\\/bg_oem_parts_and_support_hero.jpg\",\"datePublished\":\"2021-03-20T19:25:49+00:00\",\"dateModified\":\"2025-11-05T19:32:44+00:00\",\"description\":\"Achetez des pi\u00e8ces de rechange d\u2019origine de Rotex Group et obtenez l'assistance dont vous avez besoin de notre SAV.\",\"breadcrumb\":{\"@id\":\"https:\\\/\\\/therotexgroup.com\\\/fr\\\/oem-parts-support\\\/#breadcrumb\"},\"inLanguage\":\"fr-FR\",\"potentialAction\":[{\"@type\":\"ReadAction\",\"target\":[\"https:\\\/\\\/therotexgroup.com\\\/fr\\\/oem-parts-support\\\/\"]}]},{\"@type\":\"ImageObject\",\"inLanguage\":\"fr-FR\",\"@id\":\"https:\\\/\\\/therotexgroup.com\\\/fr\\\/oem-parts-support\\\/#primaryimage\",\"url\":\"https:\\\/\\\/therotexgroup.com\\\/wp-content\\\/uploads\\\/2025\\\/02\\\/bg_oem_parts_and_support_hero.jpg\",\"contentUrl\":\"https:\\\/\\\/therotexgroup.com\\\/wp-content\\\/uploads\\\/2025\\\/02\\\/bg_oem_parts_and_support_hero.jpg\",\"width\":1920,\"height\":514,\"caption\":\"(OEM) parts minimize unscheduled downtime, extend the life of your machine, and improve the performance of your Rotex screening equipment.\"},{\"@type\":\"BreadcrumbList\",\"@id\":\"https:\\\/\\\/therotexgroup.com\\\/fr\\\/oem-parts-support\\\/#breadcrumb\",\"itemListElement\":[{\"@type\":\"ListItem\",\"position\":1,\"name\":\"Home\",\"item\":\"https:\\\/\\\/therotexgroup.com\\\/fr\\\/\"},{\"@type\":\"ListItem\",\"position\":2,\"name\":\"Screener Parts &#038; Service\",\"item\":\"https:\\\/\\\/therotexgroup.com\\\/fr\\\/services-tamiseurs\\\/\"},{\"@type\":\"ListItem\",\"position\":3,\"name\":\"OEM Parts and Support\"}]},{\"@type\":\"WebSite\",\"@id\":\"https:\\\/\\\/therotexgroup.com\\\/fr\\\/#website\",\"url\":\"https:\\\/\\\/therotexgroup.com\\\/fr\\\/\",\"name\":\"The Rotex Group\",\"description\":\"\",\"potentialAction\":[{\"@type\":\"SearchAction\",\"target\":{\"@type\":\"EntryPoint\",\"urlTemplate\":\"https:\\\/\\\/therotexgroup.com\\\/fr\\\/?s={search_term_string}\"},\"query-input\":{\"@type\":\"PropertyValueSpecification\",\"valueRequired\":true,\"valueName\":\"search_term_string\"}}],\"inLanguage\":\"fr-FR\"}]}<\/script>\n<!-- \/ Yoast SEO Premium plugin. -->","yoast_head_json":{"title":"Pi\u00e8ces de rechange pour tamiseur de Rotex Group - Les pi\u00e8ces d'origine","description":"Achetez des pi\u00e8ces de rechange d\u2019origine de Rotex Group et obtenez l'assistance dont vous avez besoin de notre SAV.","robots":{"index":"index","follow":"follow","max-snippet":"max-snippet:-1","max-image-preview":"max-image-preview:large","max-video-preview":"max-video-preview:-1"},"canonical":"https:\/\/therotexgroup.com\/fr\/oem-parts-support\/","og_locale":"fr_FR","og_type":"article","og_title":"OEM Parts and Support","og_description":"Achetez des pi\u00e8ces de rechange d\u2019origine de Rotex Group et obtenez l'assistance dont vous avez besoin de notre SAV.","og_url":"https:\/\/therotexgroup.com\/fr\/oem-parts-support\/","og_site_name":"The Rotex Group","article_modified_time":"2025-11-05T19:32:44+00:00","og_image":[{"width":1920,"height":514,"url":"https:\/\/therotexgroup.com\/wp-content\/uploads\/2025\/02\/bg_oem_parts_and_support_hero.jpg","type":"image\/webp"}],"twitter_card":"summary_large_image","twitter_misc":{"Dur\u00e9e de lecture estim\u00e9e":"5 minutes"},"schema":{"@context":"https:\/\/schema.org","@graph":[{"@type":"WebPage","@id":"https:\/\/therotexgroup.com\/fr\/oem-parts-support\/","url":"https:\/\/therotexgroup.com\/fr\/oem-parts-support\/","name":"Pi\u00e8ces de rechange pour tamiseur de Rotex Group - Les pi\u00e8ces d'origine","isPartOf":{"@id":"https:\/\/therotexgroup.com\/fr\/#website"},"primaryImageOfPage":{"@id":"https:\/\/therotexgroup.com\/fr\/oem-parts-support\/#primaryimage"},"image":{"@id":"https:\/\/therotexgroup.com\/fr\/oem-parts-support\/#primaryimage"},"thumbnailUrl":"https:\/\/therotexgroup.com\/wp-content\/uploads\/2025\/02\/bg_oem_parts_and_support_hero.jpg","datePublished":"2021-03-20T19:25:49+00:00","dateModified":"2025-11-05T19:32:44+00:00","description":"Achetez des pi\u00e8ces de rechange d\u2019origine de Rotex Group et obtenez l'assistance dont vous avez besoin de notre SAV.","breadcrumb":{"@id":"https:\/\/therotexgroup.com\/fr\/oem-parts-support\/#breadcrumb"},"inLanguage":"fr-FR","potentialAction":[{"@type":"ReadAction","target":["https:\/\/therotexgroup.com\/fr\/oem-parts-support\/"]}]},{"@type":"ImageObject","inLanguage":"fr-FR","@id":"https:\/\/therotexgroup.com\/fr\/oem-parts-support\/#primaryimage","url":"https:\/\/therotexgroup.com\/wp-content\/uploads\/2025\/02\/bg_oem_parts_and_support_hero.jpg","contentUrl":"https:\/\/therotexgroup.com\/wp-content\/uploads\/2025\/02\/bg_oem_parts_and_support_hero.jpg","width":1920,"height":514,"caption":"(OEM) parts minimize unscheduled downtime, extend the life of your machine, and improve the performance of your Rotex screening equipment."},{"@type":"BreadcrumbList","@id":"https:\/\/therotexgroup.com\/fr\/oem-parts-support\/#breadcrumb","itemListElement":[{"@type":"ListItem","position":1,"name":"Home","item":"https:\/\/therotexgroup.com\/fr\/"},{"@type":"ListItem","position":2,"name":"Screener Parts &#038; Service","item":"https:\/\/therotexgroup.com\/fr\/services-tamiseurs\/"},{"@type":"ListItem","position":3,"name":"OEM Parts and Support"}]},{"@type":"WebSite","@id":"https:\/\/therotexgroup.com\/fr\/#website","url":"https:\/\/therotexgroup.com\/fr\/","name":"The Rotex Group","description":"","potentialAction":[{"@type":"SearchAction","target":{"@type":"EntryPoint","urlTemplate":"https:\/\/therotexgroup.com\/fr\/?s={search_term_string}"},"query-input":{"@type":"PropertyValueSpecification","valueRequired":true,"valueName":"search_term_string"}}],"inLanguage":"fr-FR"}]}},"_links":{"self":[{"href":"https:\/\/therotexgroup.com\/fr\/wp-json\/wp\/v2\/pages\/3594","targetHints":{"allow":["GET"]}}],"collection":[{"href":"https:\/\/therotexgroup.com\/fr\/wp-json\/wp\/v2\/pages"}],"about":[{"href":"https:\/\/therotexgroup.com\/fr\/wp-json\/wp\/v2\/types\/page"}],"author":[{"embeddable":true,"href":"https:\/\/therotexgroup.com\/fr\/wp-json\/wp\/v2\/users\/2"}],"replies":[{"embeddable":true,"href":"https:\/\/therotexgroup.com\/fr\/wp-json\/wp\/v2\/comments?post=3594"}],"version-history":[{"count":0,"href":"https:\/\/therotexgroup.com\/fr\/wp-json\/wp\/v2\/pages\/3594\/revisions"}],"up":[{"embeddable":true,"href":"https:\/\/therotexgroup.com\/fr\/wp-json\/wp\/v2\/pages\/20564"}],"wp:featuredmedia":[{"embeddable":true,"href":"https:\/\/therotexgroup.com\/fr\/wp-json\/wp\/v2\/media\/14651"}],"wp:attachment":[{"href":"https:\/\/therotexgroup.com\/fr\/wp-json\/wp\/v2\/media?parent=3594"}],"curies":[{"name":"wp","href":"https:\/\/api.w.org\/{rel}","templated":true}]}}