{"id":4163,"date":"2021-04-07T09:50:19","date_gmt":"2021-04-07T13:50:19","guid":{"rendered":"https:\/\/rotexgroup.wpengine.com\/?page_id=4163"},"modified":"2026-01-09T15:33:57","modified_gmt":"2026-01-09T20:33:57","slug":"rotex-leadership","status":"publish","type":"page","link":"https:\/\/therotexgroup.com\/de\/contact\/leadership\/","title":{"rendered":"Leadership"},"content":{"rendered":"","protected":false},"excerpt":{"rendered":"<p>Hier finden Sie die Profile des Rotex F\u00fchrungsteams.<\/p>\n","protected":false},"author":2,"featured_media":14969,"parent":4159,"menu_order":4,"comment_status":"closed","ping_status":"open","template":"templates\/leadership.php","meta":{"_acf_changed":false,"footnotes":""},"class_list":["post-4163","page","type-page","status-publish","has-post-thumbnail","hentry"],"acf":[],"yoast_head":"<!-- This site is optimized with the Yoast SEO Premium plugin v27.4 (Yoast SEO v27.4) - https:\/\/yoast.com\/product\/yoast-seo-premium-wordpress\/ -->\n<title>Rotex Group F\u00fchrungsteam - Das F\u00fchrungsteam der Rotex Group<\/title>\n<meta name=\"description\" content=\"Hier finden Sie die Profile des Rotex F\u00fchrungsteams.\" \/>\n<meta name=\"robots\" content=\"index, follow, max-snippet:-1, max-image-preview:large, max-video-preview:-1\" \/>\n<link rel=\"canonical\" href=\"https:\/\/therotexgroup.com\/de\/contact\/leadership\/\" \/>\n<meta property=\"og:locale\" content=\"de_DE\" \/>\n<meta property=\"og:type\" content=\"article\" \/>\n<meta property=\"og:title\" content=\"Leadership\" \/>\n<meta property=\"og:description\" content=\"Hier finden Sie die Profile des Rotex F\u00fchrungsteams.\" \/>\n<meta property=\"og:url\" content=\"https:\/\/therotexgroup.com\/de\/contact\/leadership\/\" \/>\n<meta property=\"og:site_name\" content=\"The Rotex Group\" \/>\n<meta property=\"article:modified_time\" content=\"2026-01-09T20:33:57+00:00\" \/>\n<meta property=\"og:image\" content=\"https:\/\/therotexgroup.com\/wp-content\/uploads\/2025\/02\/bg_leadership_hero.jpg\" \/>\n\t<meta property=\"og:image:width\" content=\"1920\" \/>\n\t<meta property=\"og:image:height\" content=\"514\" \/>\n\t<meta property=\"og:image:type\" content=\"image\/webp\" \/>\n<meta name=\"twitter:card\" content=\"summary_large_image\" \/>\n<meta name=\"twitter:label1\" content=\"Gesch\u00e4tzte Lesezeit\" \/>\n\t<meta name=\"twitter:data1\" content=\"6 Minuten\" \/>\n<script type=\"application\/ld+json\" class=\"yoast-schema-graph\">{\"@context\":\"https:\\\/\\\/schema.org\",\"@graph\":[{\"@type\":\"WebPage\",\"@id\":\"https:\\\/\\\/therotexgroup.com\\\/de\\\/contact\\\/leadership\\\/\",\"url\":\"https:\\\/\\\/therotexgroup.com\\\/de\\\/contact\\\/leadership\\\/\",\"name\":\"Rotex Group F\u00fchrungsteam - Das F\u00fchrungsteam der Rotex Group\",\"isPartOf\":{\"@id\":\"https:\\\/\\\/therotexgroup.com\\\/de\\\/#website\"},\"primaryImageOfPage\":{\"@id\":\"https:\\\/\\\/therotexgroup.com\\\/de\\\/contact\\\/leadership\\\/#primaryimage\"},\"image\":{\"@id\":\"https:\\\/\\\/therotexgroup.com\\\/de\\\/contact\\\/leadership\\\/#primaryimage\"},\"thumbnailUrl\":\"https:\\\/\\\/therotexgroup.com\\\/wp-content\\\/uploads\\\/2025\\\/02\\\/bg_leadership_hero.jpg\",\"datePublished\":\"2021-04-07T13:50:19+00:00\",\"dateModified\":\"2026-01-09T20:33:57+00:00\",\"description\":\"Hier finden Sie die Profile des Rotex F\u00fchrungsteams.\",\"breadcrumb\":{\"@id\":\"https:\\\/\\\/therotexgroup.com\\\/de\\\/contact\\\/leadership\\\/#breadcrumb\"},\"inLanguage\":\"de-DE\",\"potentialAction\":[{\"@type\":\"ReadAction\",\"target\":[\"https:\\\/\\\/therotexgroup.com\\\/de\\\/contact\\\/leadership\\\/\"]}]},{\"@type\":\"ImageObject\",\"inLanguage\":\"de-DE\",\"@id\":\"https:\\\/\\\/therotexgroup.com\\\/de\\\/contact\\\/leadership\\\/#primaryimage\",\"url\":\"https:\\\/\\\/therotexgroup.com\\\/wp-content\\\/uploads\\\/2025\\\/02\\\/bg_leadership_hero.jpg\",\"contentUrl\":\"https:\\\/\\\/therotexgroup.com\\\/wp-content\\\/uploads\\\/2025\\\/02\\\/bg_leadership_hero.jpg\",\"width\":1920,\"height\":514,\"caption\":\"Front of Rotex Group headquarters.\"},{\"@type\":\"BreadcrumbList\",\"@id\":\"https:\\\/\\\/therotexgroup.com\\\/de\\\/contact\\\/leadership\\\/#breadcrumb\",\"itemListElement\":[{\"@type\":\"ListItem\",\"position\":1,\"name\":\"Home\",\"item\":\"https:\\\/\\\/therotexgroup.com\\\/de\\\/\"},{\"@type\":\"ListItem\",\"position\":2,\"name\":\"Contact\",\"item\":\"https:\\\/\\\/therotexgroup.com\\\/de\\\/contact\\\/\"},{\"@type\":\"ListItem\",\"position\":3,\"name\":\"Leadership\"}]},{\"@type\":\"WebSite\",\"@id\":\"https:\\\/\\\/therotexgroup.com\\\/de\\\/#website\",\"url\":\"https:\\\/\\\/therotexgroup.com\\\/de\\\/\",\"name\":\"The Rotex Group\",\"description\":\"\",\"potentialAction\":[{\"@type\":\"SearchAction\",\"target\":{\"@type\":\"EntryPoint\",\"urlTemplate\":\"https:\\\/\\\/therotexgroup.com\\\/de\\\/?s={search_term_string}\"},\"query-input\":{\"@type\":\"PropertyValueSpecification\",\"valueRequired\":true,\"valueName\":\"search_term_string\"}}],\"inLanguage\":\"de-DE\"}]}<\/script>\n<!-- \/ Yoast SEO Premium plugin. -->","yoast_head_json":{"title":"Rotex Group F\u00fchrungsteam - Das F\u00fchrungsteam der Rotex Group","description":"Hier finden Sie die Profile des Rotex F\u00fchrungsteams.","robots":{"index":"index","follow":"follow","max-snippet":"max-snippet:-1","max-image-preview":"max-image-preview:large","max-video-preview":"max-video-preview:-1"},"canonical":"https:\/\/therotexgroup.com\/de\/contact\/leadership\/","og_locale":"de_DE","og_type":"article","og_title":"Leadership","og_description":"Hier finden Sie die Profile des Rotex F\u00fchrungsteams.","og_url":"https:\/\/therotexgroup.com\/de\/contact\/leadership\/","og_site_name":"The Rotex Group","article_modified_time":"2026-01-09T20:33:57+00:00","og_image":[{"width":1920,"height":514,"url":"https:\/\/therotexgroup.com\/wp-content\/uploads\/2025\/02\/bg_leadership_hero.jpg","type":"image\/webp"}],"twitter_card":"summary_large_image","twitter_misc":{"Gesch\u00e4tzte Lesezeit":"6 Minuten"},"schema":{"@context":"https:\/\/schema.org","@graph":[{"@type":"WebPage","@id":"https:\/\/therotexgroup.com\/de\/contact\/leadership\/","url":"https:\/\/therotexgroup.com\/de\/contact\/leadership\/","name":"Rotex Group F\u00fchrungsteam - Das F\u00fchrungsteam der Rotex Group","isPartOf":{"@id":"https:\/\/therotexgroup.com\/de\/#website"},"primaryImageOfPage":{"@id":"https:\/\/therotexgroup.com\/de\/contact\/leadership\/#primaryimage"},"image":{"@id":"https:\/\/therotexgroup.com\/de\/contact\/leadership\/#primaryimage"},"thumbnailUrl":"https:\/\/therotexgroup.com\/wp-content\/uploads\/2025\/02\/bg_leadership_hero.jpg","datePublished":"2021-04-07T13:50:19+00:00","dateModified":"2026-01-09T20:33:57+00:00","description":"Hier finden Sie die Profile des Rotex F\u00fchrungsteams.","breadcrumb":{"@id":"https:\/\/therotexgroup.com\/de\/contact\/leadership\/#breadcrumb"},"inLanguage":"de-DE","potentialAction":[{"@type":"ReadAction","target":["https:\/\/therotexgroup.com\/de\/contact\/leadership\/"]}]},{"@type":"ImageObject","inLanguage":"de-DE","@id":"https:\/\/therotexgroup.com\/de\/contact\/leadership\/#primaryimage","url":"https:\/\/therotexgroup.com\/wp-content\/uploads\/2025\/02\/bg_leadership_hero.jpg","contentUrl":"https:\/\/therotexgroup.com\/wp-content\/uploads\/2025\/02\/bg_leadership_hero.jpg","width":1920,"height":514,"caption":"Front of Rotex Group headquarters."},{"@type":"BreadcrumbList","@id":"https:\/\/therotexgroup.com\/de\/contact\/leadership\/#breadcrumb","itemListElement":[{"@type":"ListItem","position":1,"name":"Home","item":"https:\/\/therotexgroup.com\/de\/"},{"@type":"ListItem","position":2,"name":"Contact","item":"https:\/\/therotexgroup.com\/de\/contact\/"},{"@type":"ListItem","position":3,"name":"Leadership"}]},{"@type":"WebSite","@id":"https:\/\/therotexgroup.com\/de\/#website","url":"https:\/\/therotexgroup.com\/de\/","name":"The Rotex Group","description":"","potentialAction":[{"@type":"SearchAction","target":{"@type":"EntryPoint","urlTemplate":"https:\/\/therotexgroup.com\/de\/?s={search_term_string}"},"query-input":{"@type":"PropertyValueSpecification","valueRequired":true,"valueName":"search_term_string"}}],"inLanguage":"de-DE"}]}},"_links":{"self":[{"href":"https:\/\/therotexgroup.com\/de\/wp-json\/wp\/v2\/pages\/4163","targetHints":{"allow":["GET"]}}],"collection":[{"href":"https:\/\/therotexgroup.com\/de\/wp-json\/wp\/v2\/pages"}],"about":[{"href":"https:\/\/therotexgroup.com\/de\/wp-json\/wp\/v2\/types\/page"}],"author":[{"embeddable":true,"href":"https:\/\/therotexgroup.com\/de\/wp-json\/wp\/v2\/users\/2"}],"replies":[{"embeddable":true,"href":"https:\/\/therotexgroup.com\/de\/wp-json\/wp\/v2\/comments?post=4163"}],"version-history":[{"count":0,"href":"https:\/\/therotexgroup.com\/de\/wp-json\/wp\/v2\/pages\/4163\/revisions"}],"up":[{"embeddable":true,"href":"https:\/\/therotexgroup.com\/de\/wp-json\/wp\/v2\/pages\/4159"}],"wp:featuredmedia":[{"embeddable":true,"href":"https:\/\/therotexgroup.com\/de\/wp-json\/wp\/v2\/media\/14969"}],"wp:attachment":[{"href":"https:\/\/therotexgroup.com\/de\/wp-json\/wp\/v2\/media?parent=4163"}],"curies":[{"name":"wp","href":"https:\/\/api.w.org\/{rel}","templated":true}]}}