{"id":4135,"date":"2021-12-03T10:09:26","date_gmt":"2021-12-03T15:09:26","guid":{"rendered":"https:\/\/rotexgroup.wpengine.com\/?page_id=4135"},"modified":"2024-03-19T12:53:04","modified_gmt":"2024-03-19T16:53:04","slug":"terms","status":"publish","type":"page","link":"https:\/\/therotexgroup.com\/de\/terms\/","title":{"rendered":"Terms"},"content":{"rendered":"<p>Rotex Europe Ltd. unterh\u00e4lt diese Seite f\u00fcr kommerzielle Informationen. Es ist nicht gestattet, den Inhalt der Seite herunterzuladen, zu \u00fcbertragen, zu kopieren, \u00e4ndern, melden oder verteilen, gleich aus welchem Grund, einschlie\u00dflich der Texte, Bilder, Audio- oder Video-Beitr\u00e4ge auf der Seite, wenn nicht die schriftliche Genehmigung seitens Rotex Europe Ltd. vorliegt.<\/p>\n<p>Sofern nicht anders festgelegt, unterliegen alle Texte und Bilder auf der Seite Urheberrechten, und sie d\u00fcrfen nicht ohne vorherige Zustimmung seitens Rotex Europe Ltd. verwendet werden.<\/p>\n<p>Handelsmarken, Logos und Markenzeichen f\u00fcr Dienstleistungen, Produktnamen, Beschreibungen und Erkl\u00e4rungen zum Prozess oder der Funktion von Produkten sind Eigentum der Rotex Europe Ltd. und z\u00e4hlen zu deren eingetragenen und nicht eingetragenen Warenzeichen. Rotex Europe Ltd. und ihre benannten Agenten verfolgen die Verletzung von Urheberrechten strikt bis hin zur strafrechtlichen Verfolgung und der Forderung von Schadenersatz, wenn dies f\u00fcr angebracht gehalten wird.<\/p>\n<p>Rotex Europe Ltd. gibt keine Erkl\u00e4rungen ab, die die Genauigkeit der Informationen auf dieser Seite noch ihre Vollst\u00e4ndigkeit betreffen, und es wird keine Verantwortung f\u00fcr Auslassungen oder Fehler im Inhalt der Seite \u00fcbernommen.<\/p>\n<p>Mit der Nutzung der Seite \u00fcbernehmen Sie alle Risiken. Rotex Europe Ltd. \u00fcbernimmt keine Verantwortung oder Haftung, wenn Sie sich f\u00fcr den Aufruf der Seite entscheiden.<\/p>\n<p>Rotex Europe Ltd. kann jederzeit durch eine Aktualisierung auf dieser Seite die Allgemeinen Gesch\u00e4ftsbedingungen \u00e4ndern. Jede \u00c4nderung wird mit einer solchen Aktualisierung wirksam.<\/p>\n","protected":false},"excerpt":{"rendered":"<p>Rotex Europe Ltd. unterh\u00e4lt diese Seite f\u00fcr kommerzielle Informationen. Es ist nicht gestattet, den Inhalt der Seite herunterzuladen, zu \u00fcbertragen, zu kopieren, \u00e4ndern, melden oder verteilen, gleich aus welchem Grund, einschlie\u00dflich der Texte, Bilder, Audio- oder Video-Beitr\u00e4ge auf der Seite, wenn nicht die schriftliche Genehmigung seitens Rotex Europe Ltd. vorliegt. Sofern nicht anders festgelegt, unterliegen [&hellip;]<\/p>\n","protected":false},"author":2,"featured_media":0,"parent":0,"menu_order":101,"comment_status":"closed","ping_status":"closed","template":"templates\/basic.php","meta":{"_acf_changed":false,"footnotes":""},"class_list":["post-4135","page","type-page","status-publish","hentry"],"acf":[],"yoast_head":"<!-- This site is optimized with the Yoast SEO Premium plugin v27.5 (Yoast SEO v27.5) - https:\/\/yoast.com\/product\/yoast-seo-premium-wordpress\/ -->\n<title>Rotex Group - Rechtliche Richtlinien unserer Website<\/title>\n<meta name=\"description\" content=\"RECHTLICHE RICHTLINIEN DER Rotex Group WEBSITE\" \/>\n<meta name=\"robots\" content=\"index, follow, max-snippet:-1, max-image-preview:large, max-video-preview:-1\" \/>\n<link rel=\"canonical\" href=\"https:\/\/therotexgroup.com\/de\/terms\/\" \/>\n<meta property=\"og:locale\" content=\"de_DE\" \/>\n<meta property=\"og:type\" content=\"article\" \/>\n<meta property=\"og:title\" content=\"Terms\" \/>\n<meta property=\"og:description\" content=\"Rotex Europe Ltd. unterh\u00e4lt diese Seite f\u00fcr kommerzielle Informationen. Es ist nicht gestattet, den Inhalt der Seite herunterzuladen, zu \u00fcbertragen, zu\" \/>\n<meta property=\"og:url\" content=\"https:\/\/therotexgroup.com\/de\/terms\/\" \/>\n<meta property=\"og:site_name\" content=\"The Rotex Group\" \/>\n<meta property=\"article:modified_time\" content=\"2024-03-19T16:53:04+00:00\" \/>\n<meta name=\"twitter:card\" content=\"summary_large_image\" \/>\n<meta name=\"twitter:label1\" content=\"Gesch\u00e4tzte Lesezeit\" \/>\n\t<meta name=\"twitter:data1\" content=\"2 Minuten\" \/>\n<script type=\"application\/ld+json\" class=\"yoast-schema-graph\">{\"@context\":\"https:\\\/\\\/schema.org\",\"@graph\":[{\"@type\":\"WebPage\",\"@id\":\"https:\\\/\\\/therotexgroup.com\\\/de\\\/terms\\\/\",\"url\":\"https:\\\/\\\/therotexgroup.com\\\/de\\\/terms\\\/\",\"name\":\"Rotex Group - Rechtliche Richtlinien unserer Website\",\"isPartOf\":{\"@id\":\"https:\\\/\\\/therotexgroup.com\\\/de\\\/#website\"},\"datePublished\":\"2021-12-03T15:09:26+00:00\",\"dateModified\":\"2024-03-19T16:53:04+00:00\",\"description\":\"RECHTLICHE RICHTLINIEN DER Rotex Group WEBSITE\",\"breadcrumb\":{\"@id\":\"https:\\\/\\\/therotexgroup.com\\\/de\\\/terms\\\/#breadcrumb\"},\"inLanguage\":\"de-DE\",\"potentialAction\":[{\"@type\":\"ReadAction\",\"target\":[\"https:\\\/\\\/therotexgroup.com\\\/de\\\/terms\\\/\"]}]},{\"@type\":\"BreadcrumbList\",\"@id\":\"https:\\\/\\\/therotexgroup.com\\\/de\\\/terms\\\/#breadcrumb\",\"itemListElement\":[{\"@type\":\"ListItem\",\"position\":1,\"name\":\"Home\",\"item\":\"https:\\\/\\\/therotexgroup.com\\\/de\\\/\"},{\"@type\":\"ListItem\",\"position\":2,\"name\":\"Terms\"}]},{\"@type\":\"WebSite\",\"@id\":\"https:\\\/\\\/therotexgroup.com\\\/de\\\/#website\",\"url\":\"https:\\\/\\\/therotexgroup.com\\\/de\\\/\",\"name\":\"The Rotex Group\",\"description\":\"\",\"potentialAction\":[{\"@type\":\"SearchAction\",\"target\":{\"@type\":\"EntryPoint\",\"urlTemplate\":\"https:\\\/\\\/therotexgroup.com\\\/de\\\/?s={search_term_string}\"},\"query-input\":{\"@type\":\"PropertyValueSpecification\",\"valueRequired\":true,\"valueName\":\"search_term_string\"}}],\"inLanguage\":\"de-DE\"}]}<\/script>\n<!-- \/ Yoast SEO Premium plugin. -->","yoast_head_json":{"title":"Rotex Group - Rechtliche Richtlinien unserer Website","description":"RECHTLICHE RICHTLINIEN DER Rotex Group WEBSITE","robots":{"index":"index","follow":"follow","max-snippet":"max-snippet:-1","max-image-preview":"max-image-preview:large","max-video-preview":"max-video-preview:-1"},"canonical":"https:\/\/therotexgroup.com\/de\/terms\/","og_locale":"de_DE","og_type":"article","og_title":"Terms","og_description":"Rotex Europe Ltd. unterh\u00e4lt diese Seite f\u00fcr kommerzielle Informationen. Es ist nicht gestattet, den Inhalt der Seite herunterzuladen, zu \u00fcbertragen, zu","og_url":"https:\/\/therotexgroup.com\/de\/terms\/","og_site_name":"The Rotex Group","article_modified_time":"2024-03-19T16:53:04+00:00","twitter_card":"summary_large_image","twitter_misc":{"Gesch\u00e4tzte Lesezeit":"2 Minuten"},"schema":{"@context":"https:\/\/schema.org","@graph":[{"@type":"WebPage","@id":"https:\/\/therotexgroup.com\/de\/terms\/","url":"https:\/\/therotexgroup.com\/de\/terms\/","name":"Rotex Group - Rechtliche Richtlinien unserer Website","isPartOf":{"@id":"https:\/\/therotexgroup.com\/de\/#website"},"datePublished":"2021-12-03T15:09:26+00:00","dateModified":"2024-03-19T16:53:04+00:00","description":"RECHTLICHE RICHTLINIEN DER Rotex Group WEBSITE","breadcrumb":{"@id":"https:\/\/therotexgroup.com\/de\/terms\/#breadcrumb"},"inLanguage":"de-DE","potentialAction":[{"@type":"ReadAction","target":["https:\/\/therotexgroup.com\/de\/terms\/"]}]},{"@type":"BreadcrumbList","@id":"https:\/\/therotexgroup.com\/de\/terms\/#breadcrumb","itemListElement":[{"@type":"ListItem","position":1,"name":"Home","item":"https:\/\/therotexgroup.com\/de\/"},{"@type":"ListItem","position":2,"name":"Terms"}]},{"@type":"WebSite","@id":"https:\/\/therotexgroup.com\/de\/#website","url":"https:\/\/therotexgroup.com\/de\/","name":"The Rotex Group","description":"","potentialAction":[{"@type":"SearchAction","target":{"@type":"EntryPoint","urlTemplate":"https:\/\/therotexgroup.com\/de\/?s={search_term_string}"},"query-input":{"@type":"PropertyValueSpecification","valueRequired":true,"valueName":"search_term_string"}}],"inLanguage":"de-DE"}]}},"_links":{"self":[{"href":"https:\/\/therotexgroup.com\/de\/wp-json\/wp\/v2\/pages\/4135","targetHints":{"allow":["GET"]}}],"collection":[{"href":"https:\/\/therotexgroup.com\/de\/wp-json\/wp\/v2\/pages"}],"about":[{"href":"https:\/\/therotexgroup.com\/de\/wp-json\/wp\/v2\/types\/page"}],"author":[{"embeddable":true,"href":"https:\/\/therotexgroup.com\/de\/wp-json\/wp\/v2\/users\/2"}],"replies":[{"embeddable":true,"href":"https:\/\/therotexgroup.com\/de\/wp-json\/wp\/v2\/comments?post=4135"}],"version-history":[{"count":0,"href":"https:\/\/therotexgroup.com\/de\/wp-json\/wp\/v2\/pages\/4135\/revisions"}],"wp:attachment":[{"href":"https:\/\/therotexgroup.com\/de\/wp-json\/wp\/v2\/media?parent=4135"}],"curies":[{"name":"wp","href":"https:\/\/api.w.org\/{rel}","templated":true}]}}